{"id":15,"date":"2024-04-29T16:48:26","date_gmt":"2024-04-29T16:48:26","guid":{"rendered":"https:\/\/kunstneriskpraksis.no\/?page_id=15"},"modified":"2024-07-29T14:31:00","modified_gmt":"2024-07-29T14:31:00","slug":"tjenester","status":"publish","type":"page","link":"https:\/\/kunstneriskpraksis.no\/index.php\/tjenester\/","title":{"rendered":"Tjenester"},"content":{"rendered":"\n<p>Jeg kan tilby ulike workshops som omhandler:<br>\u2022 det \u00e5 skrive refleksjonstekster<br>\u2022 barriere og scenekrekk.\u00a0<br>I begge tjenestene tilbyr jeg lengde og omfang tilpasset etter behov.<\/p>\n\n\n\n<p><strong>Workshop refleksjonstekster<\/strong><br>En viktig del av kunstnerisk\u00a0utvikling er evnen til \u00e5 reflektere i etterkant av sin<br>kunstneriske praksis. Det er\u00a0noe jeg brenner for \u00e5 l\u00e6re bort.\u00a0Workshopen handler om \u00e5 reflektere i etterkant rundt hva, hvordan og hvorfor ting er gjort, har hendt eller oppdaget i kunstnerisk praksis. Dette krever et subjektivt n\u00e6rv\u00e6r og en bevisstgj\u00f8ring rundt eget handlingsrom. Lengde og omfang kan tilpasses etter behov. Mitt m\u00e5l er at b\u00e5de studentene selv og andre kan l\u00e6re av hverandres refleksjoner innenfor kunstnerisk praksis.\u00a0<\/p>\n\n\n\n<p><strong>Workshop barrierer og sceneskrekk\u00a0<\/strong><br>For mange innbefatter sceneskrekk en frykt for \u00e5 snakke i forsamlinger, holde foredrag eller innlegg som for mange erfares som ubehagelig.\u00a0Hvordan komme seg klar av et slikt ubehag er et gjennomg\u00e5ende tema i min workshop. Sceneskrekk kan for mange p\u00e5virke b\u00e5de personlige og profesjonelle muligheter p\u00e5 ulike m\u00e5ter. Vi skal la oss inspirere av min bok som bl.a fokuserer p\u00e5 sceneskrekk som en verkebyll og en barriere.\u00a0<\/p>\n\n\n\n<p>Det \u00e5 formidle og \u00e5 fremf\u00f8re et budskap handler om to perspektiver:<br>\u2013 Det ene er forberedelser i forkant i det jeg kaller det lange perspektivet som innbefatter utvikling og bearbeiding av det som skal formidles og ut\u00f8ves.\u00a0<br>\u2013 Det andre er selve framf\u00f8relsen \u2013 det som gj\u00f8res der og da i \u00f8yeblikket p\u00e5 podiet eller scenen.\u00a0<\/p>\n\n\n\n<p>Her vi skal unders\u00f8ke eget handlingsrom f\u00f8r vi skal trene p\u00e5 \u00e5 entre podiet eller scenen p\u00e5 en tryggere m\u00e5te.\u00a0Gode forberedelser i forkant er viktig \u00e5 ha med seg i det vi skal fokusere mest p\u00e5 nemlig det korte perspektivet. M\u00e5let er \u00e5 f\u00e5 begge perspektivene til \u00e5 g\u00e5 s\u00f8ml\u00f8st i hverandre.\u00a0Workshopen fokuserer p\u00e5 sceneskrekk som et mulighetsrom og ikke et skrekkscenario som kan v\u00e6re det mange f\u00f8ler.<\/p>\n","protected":false},"excerpt":{"rendered":"<p>Jeg kan tilby ulike workshops som omhandler:\u2022 det \u00e5 skrive refleksjonstekster\u2022 barriere og scenekrekk.\u00a0I begge tjenestene tilbyr jeg lengde og omfang tilpasset etter behov. Workshop refleksjonsteksterEn viktig del av kunstnerisk\u00a0utvikling er evnen til \u00e5 reflektere i etterkant av sinkunstneriske praksis. Det er\u00a0noe jeg brenner for \u00e5 l\u00e6re bort.\u00a0Workshopen handler om \u00e5 reflektere i etterkant rundt &#8230; <a title=\"Tjenester\" class=\"read-more\" href=\"https:\/\/kunstneriskpraksis.no\/index.php\/tjenester\/\" aria-label=\"Read more about Tjenester\">Les mer<\/a><\/p>\n","protected":false},"author":1,"featured_media":0,"parent":0,"menu_order":0,"comment_status":"closed","ping_status":"closed","template":"","meta":{"footnotes":""},"class_list":["post-15","page","type-page","status-publish"],"_links":{"self":[{"href":"https:\/\/kunstneriskpraksis.no\/index.php\/wp-json\/wp\/v2\/pages\/15","targetHints":{"allow":["GET"]}}],"collection":[{"href":"https:\/\/kunstneriskpraksis.no\/index.php\/wp-json\/wp\/v2\/pages"}],"about":[{"href":"https:\/\/kunstneriskpraksis.no\/index.php\/wp-json\/wp\/v2\/types\/page"}],"author":[{"embeddable":true,"href":"https:\/\/kunstneriskpraksis.no\/index.php\/wp-json\/wp\/v2\/users\/1"}],"replies":[{"embeddable":true,"href":"https:\/\/kunstneriskpraksis.no\/index.php\/wp-json\/wp\/v2\/comments?post=15"}],"version-history":[{"count":1,"href":"https:\/\/kunstneriskpraksis.no\/index.php\/wp-json\/wp\/v2\/pages\/15\/revisions"}],"predecessor-version":[{"id":16,"href":"https:\/\/kunstneriskpraksis.no\/index.php\/wp-json\/wp\/v2\/pages\/15\/revisions\/16"}],"wp:attachment":[{"href":"https:\/\/kunstneriskpraksis.no\/index.php\/wp-json\/wp\/v2\/media?parent=15"}],"curies":[{"name":"wp","href":"https:\/\/api.w.org\/{rel}","templated":true}]}}